{"id":67,"date":"2012-04-04T11:55:20","date_gmt":"2012-04-04T11:55:20","guid":{"rendered":"http:\/\/www.ferienwohnung-city-rs.de\/?page_id=67"},"modified":"2022-06-01T12:10:16","modified_gmt":"2022-06-01T12:10:16","slug":"preise","status":"publish","type":"page","link":"https:\/\/www.ferienwohnung-city-rs.de\/fr\/preise\/","title":{"rendered":"Loyer"},"content":{"rendered":"<p><\/p>\n<h1>Les prix pour l\u00b4appartement de vacances \u00e0 Remscheid<\/h1>\n<p>&nbsp;<\/p>\n<p>1-2 personnes 60,- \u20ac la nuit \u2013 s\u00e9jour minimum 2 nuits<\/p>\n<p>Chaque personne suppl\u00e9mentaire 20,-\u20ac la nuit<\/p>\n<p>Des conditions sp\u00e9ciales par exemple pour des s\u00e9jours plus longs sur demande.<\/p>\n<p>L\u00b4appartement doit \u00eatre laiss\u00e9 propre\u00a0; dans le cas contraire le m\u00e9nage final peut \u00a0\u00a0\u00a0\u00a0\u00a0\u00a0\u00a0 \u00eatre fait par nos soins au prix de 35,- \u20ac<\/p>\n<p>Incl. serviettes, draps, \u00e9nergie (\u00e9lectricit\u00e9, l\u00b4eau)<\/p>","protected":false},"excerpt":{"rendered":"<p>Partant du centre d\u00b4NRW vous pouvez d\u00e9couvrir les environnements ainsi que les sites d\u00b4NRW qui sont uniques en ce qui concerne la culture et le paysage.<\/p>\n","protected":false},"author":1,"featured_media":183,"parent":0,"menu_order":0,"comment_status":"open","ping_status":"open","template":"","meta":{"footnotes":""},"class_list":["post-67","page","type-page","status-publish","has-post-thumbnail","hentry"],"_links":{"self":[{"href":"https:\/\/www.ferienwohnung-city-rs.de\/fr\/wp-json\/wp\/v2\/pages\/67","targetHints":{"allow":["GET"]}}],"collection":[{"href":"https:\/\/www.ferienwohnung-city-rs.de\/fr\/wp-json\/wp\/v2\/pages"}],"about":[{"href":"https:\/\/www.ferienwohnung-city-rs.de\/fr\/wp-json\/wp\/v2\/types\/page"}],"author":[{"embeddable":true,"href":"https:\/\/www.ferienwohnung-city-rs.de\/fr\/wp-json\/wp\/v2\/users\/1"}],"replies":[{"embeddable":true,"href":"https:\/\/www.ferienwohnung-city-rs.de\/fr\/wp-json\/wp\/v2\/comments?post=67"}],"version-history":[{"count":21,"href":"https:\/\/www.ferienwohnung-city-rs.de\/fr\/wp-json\/wp\/v2\/pages\/67\/revisions"}],"predecessor-version":[{"id":224,"href":"https:\/\/www.ferienwohnung-city-rs.de\/fr\/wp-json\/wp\/v2\/pages\/67\/revisions\/224"}],"wp:featuredmedia":[{"embeddable":true,"href":"https:\/\/www.ferienwohnung-city-rs.de\/fr\/wp-json\/wp\/v2\/media\/183"}],"wp:attachment":[{"href":"https:\/\/www.ferienwohnung-city-rs.de\/fr\/wp-json\/wp\/v2\/media?parent=67"}],"curies":[{"name":"wp","href":"https:\/\/api.w.org\/{rel}","templated":true}]}}